{"id":1851,"date":"2024-05-06T17:35:05","date_gmt":"2024-05-06T15:35:05","guid":{"rendered":"https:\/\/win-interim.com\/job-list-3\/"},"modified":"2024-11-18T16:41:27","modified_gmt":"2024-11-18T15:41:27","slug":"offres-demploi","status":"publish","type":"page","link":"https:\/\/win-interim.com\/en\/offres-demploi\/","title":{"rendered":"Offres d\u2019emploi"},"content":{"rendered":"<div data-elementor-type=\"wp-page\" data-elementor-id=\"1851\" class=\"elementor elementor-1851\" data-elementor-post-type=\"page\">\n\t\t\t\t<div class=\"elementor-element elementor-element-c0d933e e-flex e-con-boxed e-con e-parent\" data-id=\"c0d933e\" data-element_type=\"container\" data-e-type=\"container\">\n\t\t\t\t\t<div class=\"e-con-inner\">\n\t\t\t\t<div class=\"elementor-element elementor-element-5084ecc elementor-widget elementor-widget-text-editor\" data-id=\"5084ecc\" data-element_type=\"widget\" data-e-type=\"widget\" data-widget_type=\"text-editor.default\">\n\t\t\t\t<div class=\"elementor-widget-container\">\n\t\t\t\t\t\t\t\t\t<p>Avec Win Interim, vous aurez l&rsquo;opportunit\u00e9 de partir travailler en France travail d\u00e9tach\u00e9 pour mettre en application vos qualifications et votre exp\u00e9rience. Dans tous les secteurs professionnels, construction, industrie, logistique, h\u00f4tellerie, restauration agricole, m\u00e9dical\u2026 ;<\/p><p>La description de nos offres est donc vari\u00e9e dans nombreux secteurs d\u2019activit\u00e9, vous pouvez postuler chez nous, si vous souhaitez partir travailler en France ou en Europe.<\/p><p>Que vous soyez ma\u00e7ons, carreleurs, Plaquistes, coffreur, bancher, couvreur, charpentier, menuisiers, man\u0153uvre, cuisiniers, commis de cuisine, femme de chambre, femme de m\u00e9nage, ouvrier, employ\u00e9 agricole, m\u00e9decin, infirmier, aide-soignante, aide m\u00e9nag\u00e8re, chauffeurs poids lourd\u2026. Nous avons surement du travail pour vous en France.<\/p>\t\t\t\t\t\t\t\t<\/div>\n\t\t\t\t<\/div>\n\t\t\t\t\t<\/div>\n\t\t\t\t<\/div>\n\t\t<div class=\"elementor-element elementor-element-1481a135 e-flex e-con-boxed e-con e-parent\" data-id=\"1481a135\" data-element_type=\"container\" data-e-type=\"container\">\n\t\t\t\t\t<div class=\"e-con-inner\">\n\t\t\t\t<div class=\"elementor-element elementor-element-7c41784a elementor-widget elementor-widget-shortcode\" data-id=\"7c41784a\" data-element_type=\"widget\" data-e-type=\"widget\" data-widget_type=\"shortcode.default\">\n\t\t\t\t<div class=\"elementor-widget-container\">\n\t\t\t\t\t\t\t<div class=\"elementor-shortcode\"><div class=\"jobs-listing-wrapper\">\n\t<div class=\"results-count\">\n\tShowing all 0 results<\/div><div class=\"jobs-alert-ordering-wrapper\">\n<div class=\"job-alert-form-btn\">\n\t<a href=\"javascript:void(0);\" class=\"btn btn-theme btn-job-alert\">Get Jobs Alerts<\/a>\n<\/div>\n<div class=\"job-alert-form-wrapper hidden\">\n\t<form method=\"get\" action=\"\" class=\"job-alert-form\" data-trp-original-action=\"\">\n\t\t<div class=\"form-group\">\n\t\t    <label for=\"job_alert_title\">Title<\/label>\n\n\t\t    <input type=\"text\" name=\"name\" class=\"form-control\" id=\"job_alert_title\" placeholder=\"Title\">\n\t\t<\/div><!-- \/.form-group -->\n\n\t\t<div class=\"form-group\">\n\t\t    <label for=\"job_alert_email_frequency\">Email Frequency<\/label>\n\t\t    <div class=\"wrapper-select\">\n\t\t\t    <select name=\"email_frequency\" class=\"form-control\" id=\"job_alert_email_frequency\">\n\t\t\t        \t\t\t            \t\t\t                    <option value=\"daily\">Daily<\/option>\n\n\t\t\t                \t\t\t            \t\t\t                    <option value=\"weekly\">Weekly<\/option>\n\n\t\t\t                \t\t\t            \t\t\t                    <option value=\"fortnightly\">Fortnightly<\/option>\n\n\t\t\t                \t\t\t            \t\t\t                    <option value=\"monthly\">Monthly<\/option>\n\n\t\t\t                \t\t\t            \t\t\t                    <option value=\"biannually\">Biannually<\/option>\n\n\t\t\t                \t\t\t            \t\t\t                    <option value=\"annually\">Annually<\/option>\n\n\t\t\t                \t\t\t            \t\t\t        \t\t\t    <\/select>\n\t\t    <\/div>\n\t\t<\/div><!-- \/.form-group -->\n\n\t\t<input type=\"hidden\" id=\"nonce\" name=\"nonce\" value=\"2f09d989c6\" \/><input type=\"hidden\" name=\"_wp_http_referer\" value=\"\/en\/wp-json\/wp\/v2\/pages\/1851\" \/>\n\t\t<div class=\"form-group\">\n\t\t\t<button class=\"button\">Save Job Alert<\/button>\n\t\t<\/div><!-- \/.form-group -->\n\n\t<input type=\"hidden\" name=\"trp-form-language\" value=\"en\"\/><\/form>\n<\/div><div class=\"job-rss-btn margin-left-15\">\n\t<a class=\"rss-feed-url\" href=\"https:\/\/win-interim.com\/en\/?feed=job_listing_feed\" target=\"_blank\">\n\t\t<i class=\"fas fa-rss\"><\/i>\n\t\tRSS Feed\t<\/a>\n<\/div><div class=\"jobs-ordering-wrapper\">\n\t<form class=\"jobs-ordering\" method=\"get\" action=\"\" data-trp-original-action=\"\">\n\t\t<div class=\"label\">Sort by:<\/div>\n\t\t<select name=\"filter-orderby\" class=\"orderby\" data-placeholder=\"Sort by\">\n\t\t\t\t\t\t\t<option value=\"menu_order\"  selected='selected'>Default<\/option>\n\t\t\t\t\t\t\t<option value=\"newest\" >Le plus r\u00e9cent<\/option>\n\t\t\t\t\t\t\t<option value=\"oldest\" >Le plus ancien<\/option>\n\t\t\t\t\t\t\t<option value=\"random\" >Al\u00e9atoire<\/option>\n\t\t\t\t\t<\/select>\n\t\t<input type=\"hidden\" name=\"paged\" value=\"1\" \/>\n\t\t\t<input type=\"hidden\" name=\"trp-form-language\" value=\"en\"\/><\/form>\n<\/div>\n<\/div>\n\n\t\t\t<div class=\"not-found\">No job found.<\/div>\n\t\n\t<div class=\"results-count\">\n\tShowing all 0 results<\/div><div class=\"jobs-alert-ordering-wrapper\">\n<div class=\"job-alert-form-btn\">\n\t<a href=\"javascript:void(0);\" class=\"btn btn-theme btn-job-alert\">Get Jobs Alerts<\/a>\n<\/div>\n<div class=\"job-alert-form-wrapper hidden\">\n\t<form method=\"get\" action=\"\" class=\"job-alert-form\" data-trp-original-action=\"\">\n\t\t<div class=\"form-group\">\n\t\t    <label for=\"job_alert_title\">Title<\/label>\n\n\t\t    <input type=\"text\" name=\"name\" class=\"form-control\" id=\"job_alert_title\" placeholder=\"Title\">\n\t\t<\/div><!-- \/.form-group -->\n\n\t\t<div class=\"form-group\">\n\t\t    <label for=\"job_alert_email_frequency\">Email Frequency<\/label>\n\t\t    <div class=\"wrapper-select\">\n\t\t\t    <select name=\"email_frequency\" class=\"form-control\" id=\"job_alert_email_frequency\">\n\t\t\t        \t\t\t            \t\t\t                    <option value=\"daily\">Daily<\/option>\n\n\t\t\t                \t\t\t            \t\t\t                    <option value=\"weekly\">Weekly<\/option>\n\n\t\t\t                \t\t\t            \t\t\t                    <option value=\"fortnightly\">Fortnightly<\/option>\n\n\t\t\t                \t\t\t            \t\t\t                    <option value=\"monthly\">Monthly<\/option>\n\n\t\t\t                \t\t\t            \t\t\t                    <option value=\"biannually\">Biannually<\/option>\n\n\t\t\t                \t\t\t            \t\t\t                    <option value=\"annually\">Annually<\/option>\n\n\t\t\t                \t\t\t            \t\t\t        \t\t\t    <\/select>\n\t\t    <\/div>\n\t\t<\/div><!-- \/.form-group -->\n\n\t\t<input type=\"hidden\" id=\"nonce\" name=\"nonce\" value=\"2f09d989c6\" \/><input type=\"hidden\" name=\"_wp_http_referer\" value=\"\/en\/wp-json\/wp\/v2\/pages\/1851\" \/>\n\t\t<div class=\"form-group\">\n\t\t\t<button class=\"button\">Save Job Alert<\/button>\n\t\t<\/div><!-- \/.form-group -->\n\n\t<input type=\"hidden\" name=\"trp-form-language\" value=\"en\"\/><\/form>\n<\/div><div class=\"job-rss-btn margin-left-15\">\n\t<a class=\"rss-feed-url\" href=\"https:\/\/win-interim.com\/en\/?feed=job_listing_feed\" target=\"_blank\">\n\t\t<i class=\"fas fa-rss\"><\/i>\n\t\tRSS Feed\t<\/a>\n<\/div><div class=\"jobs-ordering-wrapper\">\n\t<form class=\"jobs-ordering\" method=\"get\" action=\"\" data-trp-original-action=\"\">\n\t\t<div class=\"label\">Sort by:<\/div>\n\t\t<select name=\"filter-orderby\" class=\"orderby\" data-placeholder=\"Sort by\">\n\t\t\t\t\t\t\t<option value=\"menu_order\"  selected='selected'>Default<\/option>\n\t\t\t\t\t\t\t<option value=\"newest\" >Le plus r\u00e9cent<\/option>\n\t\t\t\t\t\t\t<option value=\"oldest\" >Le plus ancien<\/option>\n\t\t\t\t\t\t\t<option value=\"random\" >Al\u00e9atoire<\/option>\n\t\t\t\t\t<\/select>\n\t\t<input type=\"hidden\" name=\"paged\" value=\"1\" \/>\n\t\t\t<input type=\"hidden\" name=\"trp-form-language\" value=\"en\"\/><\/form>\n<\/div>\n<\/div>\n<\/div><\/div>\n\t\t\t\t\t\t<\/div>\n\t\t\t\t<\/div>\n\t\t\t\t\t<\/div>\n\t\t\t\t<\/div>\n\t\t\t\t<\/div>","protected":false},"excerpt":{"rendered":"<p>Avec Win Interim, vous aurez l&rsquo;opportunit\u00e9 de partir travailler en France travail d\u00e9tach\u00e9 pour mettre en application vos qualifications et votre exp\u00e9rience. Dans tous les secteurs professionnels, construction, industrie, logistique, h\u00f4tellerie, restauration agricole, m\u00e9dical\u2026 ; La description de nos offres est donc vari\u00e9e dans nombreux secteurs d\u2019activit\u00e9, vous pouvez postuler chez nous, si vous souhaitez [&hellip;]<\/p>\n","protected":false},"author":1,"featured_media":0,"parent":0,"menu_order":0,"comment_status":"closed","ping_status":"closed","template":"page-jobs.php","meta":{"_seopress_robots_primary_cat":"","_seopress_titles_title":"Offres d'emploi - Win Interim","_seopress_titles_desc":"Avec Win Interim, vous aurez l\u2019opportunit\u00e9 de partir travailler en France, travail d\u00e9tach\u00e9 pour mettre en application vos qualifications et votre exp\u00e9rience...","_seopress_robots_index":"","inline_featured_image":false,"_uag_custom_page_level_css":"","footnotes":""},"class_list":["post-1851","page","type-page","status-publish","hentry"],"uagb_featured_image_src":{"full":false,"thumbnail":false,"medium":false,"medium_large":false,"large":false,"1536x1536":false,"2048x2048":false,"trp-custom-language-flag":false},"uagb_author_info":{"display_name":"win-interim.com","author_link":"https:\/\/win-interim.com\/en\/author\/win-interim-com\/"},"uagb_comment_info":0,"uagb_excerpt":"Avec Win Interim, vous aurez l&rsquo;opportunit\u00e9 de partir travailler en France travail d\u00e9tach\u00e9 pour mettre en application vos qualifications et votre exp\u00e9rience. Dans tous les secteurs professionnels, construction, industrie, logistique, h\u00f4tellerie, restauration agricole, m\u00e9dical\u2026 ; La description de nos offres est donc vari\u00e9e dans nombreux secteurs d\u2019activit\u00e9, vous pouvez postuler chez nous, si vous souhaitez&hellip;","_links":{"self":[{"href":"https:\/\/win-interim.com\/en\/wp-json\/wp\/v2\/pages\/1851","targetHints":{"allow":["GET"]}}],"collection":[{"href":"https:\/\/win-interim.com\/en\/wp-json\/wp\/v2\/pages"}],"about":[{"href":"https:\/\/win-interim.com\/en\/wp-json\/wp\/v2\/types\/page"}],"author":[{"embeddable":true,"href":"https:\/\/win-interim.com\/en\/wp-json\/wp\/v2\/users\/1"}],"replies":[{"embeddable":true,"href":"https:\/\/win-interim.com\/en\/wp-json\/wp\/v2\/comments?post=1851"}],"version-history":[{"count":15,"href":"https:\/\/win-interim.com\/en\/wp-json\/wp\/v2\/pages\/1851\/revisions"}],"predecessor-version":[{"id":12552,"href":"https:\/\/win-interim.com\/en\/wp-json\/wp\/v2\/pages\/1851\/revisions\/12552"}],"wp:attachment":[{"href":"https:\/\/win-interim.com\/en\/wp-json\/wp\/v2\/media?parent=1851"}],"curies":[{"name":"wp","href":"https:\/\/api.w.org\/{rel}","templated":true}]}}