{"id":452,"date":"2022-03-03T04:49:17","date_gmt":"2022-03-03T04:49:17","guid":{"rendered":"https:\/\/win-interim.com\/recruter-logistique-en-roumanie\/"},"modified":"2022-03-03T04:49:17","modified_gmt":"2022-03-03T04:49:17","slug":"recruter-logistique-en-roumanie","status":"publish","type":"page","link":"https:\/\/win-interim.com\/en\/recruter-logistique-en-roumanie\/","title":{"rendered":"Recruter Logistique En Roumanie"},"content":{"rendered":"<h3>Recruter Logistique En Roumanie<br \/>\n<\/h3>\n<p>Entreprise fran\u00e7aise en logistique, cherchez-vous \u00e0 recruter en Roumanie ?<\/p>\n<p> Profitez de notre expertise en recrutement international.<\/p>\n<p>Recrutez efficacement des talents roumains avec Europe interim, votre agence franco-roumaine de travailleurs d\u00e9tach\u00e9s qualifi\u00e9s.<\/p>\n<p>\t\t\t\t\t\t\t\t\t\t\t\t\t<img width=\\\"1919\\\" height=\\\"1259\\\" src=\\\"http:\/\/europe-interim.com\/wp-content\/uploads\/2024\/01\/conteneurs-maritimes-transport.jpg\\\" alt=\\\"\\\" \/>\t\t\t\t\t\t\t\t\t\t\t\t\t<\/p>\n<h3>Recrutement Logistique en Roumanie : Votre Partenaire Employabilit\u00e9<\/h3>\n<p>Votre entreprise fran\u00e7aise a besoin de renforcer son \u00e9quipe logistique avec des talents en Roumanie ? La recherche de professionnels qualifi\u00e9s en France s\\&rsquo;av\u00e8re difficile ? <\/p>\n<p>Confiez votre recrutement \u00e0 notre agence,Europe interim. Nous s\u00e9lectionnons avec soin des assistants logistiques, pr\u00e9parateurs de commandes, chauffeurs-livreurs, techniciens logistiques, manutentionnaires, etc. Contactez-nous d\u00e8s maintenant pour trouver les comp\u00e9tences dont vous avez besoin !<\/p>\n<p>\t\t\t<a href=\\\"https:\/\/europe-interim.com\/contact\/\\\"><br \/>\n\t\t\t\t\t\tContacter maintenant<br \/>\n\t\t\t\t\t<\/a><br \/>\n\t\t\t\t\t\t\t\t\t\t\t\t\t<img width=\\\"1919\\\" height=\\\"1259\\\" src=\\\"http:\/\/europe-interim.com\/wp-content\/uploads\/2024\/01\/conteneurs-maritimes-transport.jpg\\\" alt=\\\"\\\" \/><br \/>\n\t\t\t\t\t\t\t\t\t\t\t\t\t<img width=\\\"1149\\\" height=\\\"720\\\" src=\\\"http:\/\/europe-interim.com\/wp-content\/uploads\/2024\/01\/samsic-logistique_rames_metro-e1674745583771-1149x720-1.jpg\\\" alt=\\\"\\\" \/>\t\t\t\t\t\t\t\t\t\t\t\t\t<\/p>\n<h3>Recruter en Roumanie &#8211; Une strat\u00e9gie gagnante?<\/h3>\n<p><b>C\u2019est l\u00e9gal !<\/b><\/p>\n<p>Tout employeur fran\u00e7ais peut l\u00e9galement recruter des travailleurs roumains dans son entreprise, tous secteurs confondus, en conformit\u00e9 avec la Directive 96\/71-CE de l\\&rsquo;UE.<\/p>\n<p><b>Des travailleurs form\u00e9s pour la France<\/b><\/p>\n<p>Recrutez des talents roumains form\u00e9s pour le march\u00e9 fran\u00e7ais avec Europe interim, experts en recrutement international.<\/p>\n<p><b>Des travailleurs qualifi\u00e9<\/b><\/p>\n<p>Recrutez des talents roumains qualifi\u00e9s avec Europe interim, votre agence d\\&rsquo;\u00e9lite en France.<\/p>\n<p><b>Des d\u00e9marches simples<\/b><\/p>\n<p>Recrutez en toute simplicit\u00e9 avec nos services : CV cibl\u00e9s, d\u00e9marches administratives et logistiques prises en charge.<\/p>\n<p>\t\t\t<a href=\\\"https:\/\/europe-interim.com\/contact\/\\\"><br \/>\n\t\t\t\t\t\tContacter maintenant<br \/>\n\t\t\t\t\t<\/a><\/p>\n<h3>Travailleurs Franco-Roumains Qualifi\u00e9s<\/h3>\n<p>Europe interim offre des services de recrutement en Roumanie pour les entreprises fran\u00e7aises. Nos candidats sont des travailleurs temporaires qualifi\u00e9s pr\u00eats \u00e0 contribuer \u00e0 votre entreprise. Ils ma\u00eetrisent le fran\u00e7ais et poss\u00e8dent une formation en logistique \u00e9quivalente \u00e0 un dipl\u00f4me fran\u00e7ais. Motiv\u00e9s et form\u00e9s en vue de leur mission en France, nos travailleurs temporaires sont une valeur ajout\u00e9e pour votre \u00e9quipe!<\/p>\n<h3>D\u00e9marches De Recrutement Simplifi\u00e9es<\/h3>\n<p>Le recrutement de talents roumains pour votre entreprise fran\u00e7aise peut \u00eatre fastidieux. Simplifiez-le avec notre agence de recrutement sp\u00e9cialis\u00e9e,Europe interim. Nous facilitons le processus en s\u00e9lectionnant des CVs r\u00e9pondant \u00e0 vos crit\u00e8res. Il vous suffit de choisir les profils qui vous conviennent ! Nous g\u00e9rons l\\&rsquo;ensemble des d\u00e9marches administratives et assurons le transfert des travailleurs en France. Facilitez votre recrutement avec Europe interim, votre partenaire franco-roumain pour l\\&#8217;emploi.<\/p>\n<h3>Recrutement De Travailleurs Roumains, Que Dit La Loi ?<\/h3>\n<p>Le recrutement de travailleurs d\u00e9tach\u00e9s ou temporaires roumains est totalement conforme \u00e0 la l\u00e9gislation europ\u00e9enne. Conform\u00e9ment \u00e0 la Directive 96\/71-CE de l\u2019Union Europ\u00e9enne, les employeurs fran\u00e7ais peuvent l\u00e9galement embaucher des travailleurs roumains. La seule pr\u00e9occupation pourrait \u00eatre la langue, mais avec Europe interim, cela ne pose aucun probl\u00e8me. Nous ne s\u00e9lectionnons que des travailleurs roumains pr\u00eats \u00e0 travailler en France et ma\u00eetrisant le fran\u00e7ais.<\/p>\n<h3>Demander un devis pour un ma\u00e7on<\/h3>\n<form method=\\'post\\' enctype=\\'multipart\/form-data\\'  id=\\'gform_1\\'  action=\\'\/wp-admin\/admin-ajax.php\\' data-formid=\\'1\\' >\n                        <label class=\\'gfield_label gform-field-label\\' for=\\'input_1_13\\' >Sans titre<\/label>Nom<input name=\\'input_13\\' id=\\'input_1_13\\' type=\\'text\\' value=\\'\\' class=\\'large\\'  aria-describedby=\\\"gfield_description_1_13\\\"  placeholder=\\'Entrer Votre Nom\\'  aria-invalid=\\\"false\\\"   \/> <label class=\\'gfield_label gform-field-label\\' for=\\'input_1_14\\' >Sans titre<\/label>Pr\u00e9nom<input name=\\'input_14\\' id=\\'input_1_14\\' type=\\'text\\' value=\\'\\' class=\\'large\\'  aria-describedby=\\\"gfield_description_1_14\\\"  placeholder=\\'Entrer Votre Pr\u00e9nom\\'  aria-invalid=\\\"false\\\"   \/> <label class=\\'gfield_label gform-field-label\\' for=\\'input_1_10\\' >Sans titre<\/label>Nom De La Soci\u00e9t\u00e9<br \/>\n<input name=\\'input_10\\' id=\\'input_1_10\\' type=\\'text\\' value=\\'\\' class=\\'large\\'  aria-describedby=\\\"gfield_description_1_10\\\"  placeholder=\\'Nom De La Soci\u00e9t\u00e9\\'  aria-invalid=\\\"false\\\"   \/> <label class=\\'gfield_label gform-field-label\\' for=\\'input_1_7\\' >E-mail<\/label>Adresse Email De La Soci\u00e9t\u00e9<br \/>\n                            <input name=\\'input_7\\' id=\\'input_1_7\\' type=\\'text\\' value=\\'\\' class=\\'large\\'   placeholder=\\'Adresse Email De La Soci\u00e9t\u00e9\\'  aria-invalid=\\\"false\\\" aria-describedby=\\\"gfield_description_1_7\\\" \/><br \/>\n                        <label class=\\'gfield_label gform-field-label\\' for=\\'input_1_8\\' >T\u00e9l\u00e9phone<\/label>T\u00e9l\u00e9phone<br \/>\n<input name=\\'input_8\\' id=\\'input_1_8\\' type=\\'text\\' value=\\'\\' class=\\'large\\'  placeholder=\\'T\u00e9l\u00e9phone\\'  aria-invalid=\\\"false\\\" aria-describedby=\\\"gfield_description_1_8\\\"  \/><label class=\\'gfield_label gform-field-label\\' for=\\'input_1_9\\' >Sans titre<\/label>Votre Besoin En Recrutement<textarea name=\\'input_9\\' id=\\'input_1_9\\' class=\\'textarea small\\'  aria-describedby=\\\"gfield_description_1_9\\\"  placeholder=\\'Votre Besoin En Recrutement\\'  aria-invalid=\\\"false\\\"   rows=\\'10\\' cols=\\'50\\'><\/textarea><label class=\\'gfield_label gform-field-label\\' for=\\'input_1_11\\' >Sans titre<\/label>De Combien De Personnes Avez Vous Besoin?<br \/>\n<input name=\\'input_11\\' id=\\'input_1_11\\' type=\\'text\\' value=\\'\\' class=\\'large\\'  aria-describedby=\\\"gfield_description_1_11\\\"  placeholder=\\'De Combien De Personnes Avez Vous Besoin?\\'  aria-invalid=\\\"false\\\"   \/> <label class=\\'gfield_label gform-field-label\\' for=\\'input_1_12\\' >Sans titre<\/label>From What Date Do You Need Staff?<br \/>\n<input name=\\'input_12\\' id=\\'input_1_12\\' type=\\'text\\' value=\\'\\' class=\\'large\\'  aria-describedby=\\\"gfield_description_1_12\\\"  placeholder=\\'From What Date Do You Need Staff?\\'  aria-invalid=\\\"false\\\"   \/><br \/>\n         <input type=\\'submit\\' id=\\'gform_submit_button_1\\' class=\\'gform_button button\\' value=\\'Envoyer\\'  onclick=\\'if(window[\\\"gf_submitting_1\\\"]){return false;}  window[\\\"gf_submitting_1\\\"]=true;  \\' onkeypress=\\'if( event.keyCode == 13 ){ if(window[\\\"gf_submitting_1\\\"]){return false;} window[\\\"gf_submitting_1\\\"]=true;  jQuery(\\\"#gform_1\\\").trigger(\\\"submit\\\",[true]); }\\' \/><br \/>\n            <input type=\\'hidden\\' class=\\'gform_hidden\\' name=\\'is_submit_1\\' value=\\'1\\' \/><br \/>\n            <input type=\\'hidden\\' class=\\'gform_hidden\\' name=\\'gform_submit\\' value=\\'1\\' \/><br \/>\n            <input type=\\'hidden\\' class=\\'gform_hidden\\' name=\\'gform_unique_id\\' value=\\'\\' \/><br \/>\n            <input type=\\'hidden\\' class=\\'gform_hidden\\' name=\\'state_1\\' value=\\'WyJbXSIsImVhODhmNGE1MWU0YzUyOGMwOTUxYjRkYTllZDU0MDhhIl0=\\' \/><br \/>\n            <input type=\\'hidden\\' class=\\'gform_hidden\\' name=\\'gform_target_page_number_1\\' id=\\'gform_target_page_number_1\\' value=\\'0\\' \/><br \/>\n            <input type=\\'hidden\\' class=\\'gform_hidden\\' name=\\'gform_source_page_number_1\\' id=\\'gform_source_page_number_1\\' value=\\'1\\' \/><br \/>\n            <input type=\\'hidden\\' name=\\'gform_field_values\\' value=\\'\\' \/><br \/>\n                        <\/form>\n<h3>Besoin de recruter dans un autre m\u00e9tier <\/h3>\n<h2 class=\\'tpg-widget-heading\\'>\n\t\t\t\t\t\t\t<\/h2>\n<p>\t\t\t\t\t<a data-id=\\\"10642\\\" href=\\\"https:\/\/europe-interim.com\/recrutement-de-monteurs-en-structures-metalliques-qualifies-depuis-la-roumanie\/\\\" target=\\\"_self\\\" rel=\\\"noopener\\\">                        <img src=\\\"https:\/\/win-interim.com\/wp-content\/uploads\/2024\/01\/aide-charpentier.png\\\"\n                             width=\\\"600\\\"\n                             height=\\\"400\\\"\n                             alt=\\\"Recrutement de Monteurs en Structures M\u00e9talliques Qualifi\u00e9s depuis la Roumanie\\\"><br \/>\n\t\t<\/a><\/p>\n<h3><a data-id=\\\"10642\\\" href=\\\"https:\/\/europe-interim.com\/recrutement-de-monteurs-en-structures-metalliques-qualifies-depuis-la-roumanie\/\\\" target=\\\"_self\\\" rel=\\\"noopener\\\">Recrutement de Monteurs en Structures M\u00e9talliques Qualifi\u00e9s depuis la Roumanie<\/a><\/h3>\n<p>\t\t\t\t\t\t\t\t<a href=\\\"https:\/\/europe-interim.com\/2024\/01\/04\/\\\"><br \/>\n\t\t\t\t\t4 janvier 2024\t\t\t\t<\/a><br \/>\n\t\t\t\t\t\t\tRecrutement de Monteurs en Structures M\u00e9talliques Qualifi\u00e9s depuis la Roumanie Recrutement de&#8230;<br \/>\n\t\t\t\t\t<a data-id=\\\"10642\\\" href=\\\"https:\/\/europe-interim.com\/recrutement-de-monteurs-en-structures-metalliques-qualifies-depuis-la-roumanie\/\\\" target=\\\"_self\\\" rel=\\\"noopener\\\">RECRUTER POUR CE M\u00c9TIER<\/a><br \/>\n\t\t\t\t\t<a data-id=\\\"10622\\\" href=\\\"https:\/\/europe-interim.com\/recruter-un-etancheur-en-travailleur-temporaire-detache-depuis-la-roumanie\/\\\" target=\\\"_self\\\" rel=\\\"noopener\\\">                        <img src=\\\"https:\/\/win-interim.com\/wp-content\/uploads\/2024\/01\/img_metier_F1613.jpeg\\\"\n                             width=\\\"600\\\"\n                             height=\\\"400\\\"\n                             alt=\\\"Recruter un \u00c9tancheur en Travailleur Temporaire D\u00e9tach\u00e9 depuis la Roumanie\\\"><br \/>\n\t\t<\/a><\/p>\n<h3><a data-id=\\\"10622\\\" href=\\\"https:\/\/europe-interim.com\/recruter-un-etancheur-en-travailleur-temporaire-detache-depuis-la-roumanie\/\\\" target=\\\"_self\\\" rel=\\\"noopener\\\">Recruter un \u00c9tancheur en Travailleur Temporaire D\u00e9tach\u00e9 depuis la Roumanie<\/a><\/h3>\n<p>\t\t\t\t\t\t\t\t<a href=\\\"https:\/\/europe-interim.com\/2024\/01\/04\/\\\"><br \/>\n\t\t\t\t\t4 janvier 2024\t\t\t\t<\/a><br \/>\n\t\t\t\t\t\t\tRecruter un \u00c9tancheur en Travailleur Temporaire D\u00e9tach\u00e9 depuis la Roumanie Recruter un \u00c9tancheur en&#8230;<br \/>\n\t\t\t\t\t<a data-id=\\\"10622\\\" href=\\\"https:\/\/europe-interim.com\/recruter-un-etancheur-en-travailleur-temporaire-detache-depuis-la-roumanie\/\\\" target=\\\"_self\\\" rel=\\\"noopener\\\">RECRUTER POUR CE M\u00c9TIER<\/a><br \/>\n\t\t\t\t\t<a data-id=\\\"10599\\\" href=\\\"https:\/\/europe-interim.com\/recruter-un-operateur-carottage-en-travailleur-temporaire-detache-depuis-la-roumanie\/\\\" target=\\\"_self\\\" rel=\\\"noopener\\\">                        <img src=\\\"https:\/\/win-interim.com\/wp-content\/uploads\/2024\/01\/img-3064-e1537966595276.jpeg\\\"\n                             width=\\\"600\\\"\n                             height=\\\"400\\\"\n                             alt=\\\"Recruter un op\u00e9rateur carottage en travailleur temporaire d\u00e9tach\u00e9 depuis la Roumanie\\\"><br \/>\n\t\t<\/a><\/p>\n<h3><a data-id=\\\"10599\\\" href=\\\"https:\/\/europe-interim.com\/recruter-un-operateur-carottage-en-travailleur-temporaire-detache-depuis-la-roumanie\/\\\" target=\\\"_self\\\" rel=\\\"noopener\\\">Recruter un op\u00e9rateur carottage en travailleur temporaire d\u00e9tach\u00e9 depuis la Roumanie<\/a><\/h3>\n<p>\t\t\t\t\t\t\t\t<a href=\\\"https:\/\/europe-interim.com\/2024\/01\/04\/\\\"><br \/>\n\t\t\t\t\t4 janvier 2024\t\t\t\t<\/a><br \/>\n\t\t\t\t\t\t\tRecruter un op\u00e9rateur carottage en travailleur temporaire d\u00e9tach\u00e9 depuis la Roumanie Recruter un&#8230;<br \/>\n\t\t\t\t\t<a data-id=\\\"10599\\\" href=\\\"https:\/\/europe-interim.com\/recruter-un-operateur-carottage-en-travailleur-temporaire-detache-depuis-la-roumanie\/\\\" target=\\\"_self\\\" rel=\\\"noopener\\\">RECRUTER POUR CE M\u00c9TIER<\/a><br \/>\n\t\t\t\t\t\t\t\t\t\t\t\t\t\t<a href=\\\"https:\/\/europe-interim.com\/conducteur-dengins-forestiers\/\\\"><br \/>\n\t\t\t\t\t\t\t<img width=\\\"338\\\" height=\\\"330\\\" src=\\\"http:\/\/europe-interim.com\/wp-content\/uploads\/2024\/01\/IMG-HERE-2.png\\\" alt=\\\"\\\" \/>\t\t\t\t\t\t\t\t<\/a><\/p>\n<h4><a href=\\\"https:\/\/europe-interim.com\/conducteur-dengins-forestiers\/\\\">Recruter boutefeu-foreur<\/a><\/h4>\n<p>Recruter un boutefeu-foreur en travailleur temporaire d\u00e9tach\u00e9 depuis la Roumanie Vous menez des chantiers de construction et <\/p>\n<p>\t\t\t<a href=\\\"https:\/\/europe-interim.com\/conducteur-dengins-forestiers\/\\\"><br \/>\n\t\t\t\t<svg aria-hidden=\\\"true\\\" viewBox=\\\"0 0 256 512\\\" xmlns=\\\"http:\/\/www.w3.org\/2000\/svg\\\"><path d=\\\"M224.3 273l-136 136c-9.4 9.4-24.6 9.4-33.9 0l-22.6-22.6c-9.4-9.4-9.4-24.6 0-33.9l96.4-96.4-96.4-96.4c-9.4-9.4-9.4-24.6 0-33.9L54.3 103c9.4-9.4 24.6-9.4 33.9 0l136 136c9.5 9.4 9.5 24.6.1 34z\\\"><\/path><\/svg><br \/>\n\t\t\t\t\t\tRECRUTER POUR CE M\u00c9TIER<br \/>\n\t\t\t\t\t<\/a><br \/>\n\t\t\t\t\t\t\t\t\t\t\t\t\t<img width=\\\"338\\\" height=\\\"330\\\" src=\\\"http:\/\/europe-interim.com\/wp-content\/uploads\/2024\/01\/IMG-HERE-2.png\\\" alt=\\\"\\\" \/>\t\t\t\t\t\t\t\t\t\t\t\t\t<\/p>\n<h4>Recruter boutefeu-foreur<\/h4>\n<p>Recruter un boutefeu-foreur en travailleur temporaire d\u00e9tach\u00e9 depuis la Roumanie Vous menez des chantiers de construction et <\/p>\n<p>\t\t\t<a href=\\\"#\\\"><br \/>\n\t\t\t\t<svg aria-hidden=\\\"true\\\" viewBox=\\\"0 0 256 512\\\" xmlns=\\\"http:\/\/www.w3.org\/2000\/svg\\\"><path d=\\\"M224.3 273l-136 136c-9.4 9.4-24.6 9.4-33.9 0l-22.6-22.6c-9.4-9.4-9.4-24.6 0-33.9l96.4-96.4-96.4-96.4c-9.4-9.4-9.4-24.6 0-33.9L54.3 103c9.4-9.4 24.6-9.4 33.9 0l136 136c9.5 9.4 9.5 24.6.1 34z\\\"><\/path><\/svg><br \/>\n\t\t\t\t\t\tRECRUTER POUR CE M\u00c9TIER<br \/>\n\t\t\t\t\t<\/a><br \/>\n\t\t\t\t\t\t\t\t\t\t\t\t\t<img width=\\\"338\\\" height=\\\"330\\\" src=\\\"http:\/\/europe-interim.com\/wp-content\/uploads\/2024\/01\/IMG-HERE-2.png\\\" alt=\\\"\\\" \/>\t\t\t\t\t\t\t\t\t\t\t\t\t<\/p>\n<h4>Recruter boutefeu-foreur<\/h4>\n<p>Recruter un boutefeu-foreur en travailleur temporaire d\u00e9tach\u00e9 depuis la Roumanie Vous menez des chantiers de construction et <\/p>\n<p>\t\t\t<a href=\\\"#\\\"><br \/>\n\t\t\t\t<svg aria-hidden=\\\"true\\\" viewBox=\\\"0 0 256 512\\\" xmlns=\\\"http:\/\/www.w3.org\/2000\/svg\\\"><path d=\\\"M224.3 273l-136 136c-9.4 9.4-24.6 9.4-33.9 0l-22.6-22.6c-9.4-9.4-9.4-24.6 0-33.9l96.4-96.4-96.4-96.4c-9.4-9.4-9.4-24.6 0-33.9L54.3 103c9.4-9.4 24.6-9.4 33.9 0l136 136c9.5 9.4 9.5 24.6.1 34z\\\"><\/path><\/svg><br \/>\n\t\t\t\t\t\tRECRUTER POUR CE M\u00c9TIER<br \/>\n\t\t\t\t\t<\/a><\/p>\n","protected":false},"excerpt":{"rendered":"<p>Recruter Logistique En Roumanie Entreprise fran\u00e7aise en logistique, cherchez-vous \u00e0 recruter en Roumanie ? Profitez de notre expertise en recrutement international. Recrutez efficacement des talents roumains avec Europe interim, votre agence franco-roumaine de travailleurs d\u00e9tach\u00e9s qualifi\u00e9s. Recrutement Logistique en Roumanie : Votre Partenaire Employabilit\u00e9 Votre entreprise fran\u00e7aise a besoin de renforcer son \u00e9quipe logistique avec [&hellip;]<\/p>\n","protected":false},"author":1,"featured_media":0,"parent":0,"menu_order":0,"comment_status":"closed","ping_status":"closed","template":"elementor_header_footer","meta":{"_seopress_robots_primary_cat":"","_seopress_titles_title":"","_seopress_titles_desc":"","_seopress_robots_index":"","inline_featured_image":false,"_uag_custom_page_level_css":"","footnotes":""},"class_list":["post-452","page","type-page","status-publish","hentry"],"uagb_featured_image_src":{"full":false,"thumbnail":false,"medium":false,"medium_large":false,"large":false,"1536x1536":false,"2048x2048":false,"trp-custom-language-flag":false},"uagb_author_info":{"display_name":"win-interim.com","author_link":"https:\/\/win-interim.com\/en\/author\/win-interim-com\/"},"uagb_comment_info":0,"uagb_excerpt":"Recruter Logistique En Roumanie Entreprise fran\u00e7aise en logistique, cherchez-vous \u00e0 recruter en Roumanie ? Profitez de notre expertise en recrutement international. Recrutez efficacement des talents roumains avec Europe interim, votre agence franco-roumaine de travailleurs d\u00e9tach\u00e9s qualifi\u00e9s. Recrutement Logistique en Roumanie : Votre Partenaire Employabilit\u00e9 Votre entreprise fran\u00e7aise a besoin de renforcer son \u00e9quipe logistique avec&hellip;","_links":{"self":[{"href":"https:\/\/win-interim.com\/en\/wp-json\/wp\/v2\/pages\/452","targetHints":{"allow":["GET"]}}],"collection":[{"href":"https:\/\/win-interim.com\/en\/wp-json\/wp\/v2\/pages"}],"about":[{"href":"https:\/\/win-interim.com\/en\/wp-json\/wp\/v2\/types\/page"}],"author":[{"embeddable":true,"href":"https:\/\/win-interim.com\/en\/wp-json\/wp\/v2\/users\/1"}],"replies":[{"embeddable":true,"href":"https:\/\/win-interim.com\/en\/wp-json\/wp\/v2\/comments?post=452"}],"version-history":[{"count":0,"href":"https:\/\/win-interim.com\/en\/wp-json\/wp\/v2\/pages\/452\/revisions"}],"wp:attachment":[{"href":"https:\/\/win-interim.com\/en\/wp-json\/wp\/v2\/media?parent=452"}],"curies":[{"name":"wp","href":"https:\/\/api.w.org\/{rel}","templated":true}]}}